{"id":1239,"date":"2026-03-03T14:32:23","date_gmt":"2026-03-03T14:32:23","guid":{"rendered":"https:\/\/sabiatechnologies.com\/?page_id=1239"},"modified":"2026-05-06T23:01:21","modified_gmt":"2026-05-06T23:01:21","slug":"inicio-2","status":"publish","type":"page","link":"https:\/\/sabiatechnologies.com\/?page_id=1239","title":{"rendered":"In\u00edcio"},"content":{"rendered":"<div class=\"brz brz-root__container brz-reset-all brz-root__container-page\">\n<section id=\"cHQgQd5eAGBQ_cHQgQd5eAGBQ\" class=\"brz-section brz-section__header brz-section__header-type--static brz-css-d-sectionheader brz-css-1on0mns\">\n<div class=\"brz-section__menu-item brz-css-d-sectionheaderitem brz-css-ei0ktb\" data-brz-custom-id=\"ys7JucFWqaJf\">\n<div class=\"brz-bg\">\n<div class=\"brz-bg-color\"><\/div>\n<\/div>\n<div class=\"brz-container brz-css-d-sectionheaderitem-container brz-css-t2udbc\">\n<div class=\"brz-row__container brz-css-d-row-row brz-css-ispx6f\" data-brz-custom-id=\"lzHSQYuZDeIc\">\n<div class=\"brz-row brz-css-d-row-container brz-css-1jrpdwy\">\n<div class=\"brz-columns brz-css-d-column-column brz-css-5v3qr6\" data-brz-custom-id=\"mG2uSu08du9E\">\n<div class=\"brz-column__items brz-css-d-column-bg brz-css-1y6h4fb\">\n<div id=\"\" class=\"brz-css-d-wrapper brz-css-1yz75b4 brz-wrapper\">\n<div class=\"brz-image brz-css-d-image-p8fdrbvbwubu-parent brz-css-1rwu7k6\" data-brz-custom-id=\"p8FdRbvBwubu\"><img decoding=\"async\" class=\"brz-img\" src=\"https:\/\/sabiatechnologies.com\/wp-content\/uploads\/2026\/02\/ChatGPT-Image-Feb-6-2026-02_12_02-PM-cropped.png\" loading=\"lazy\" title=\"\"><\/div>\n<\/div>\n<\/div>\n<\/div>\n<div class=\"brz-columns brz-css-d-column-column brz-css-6dxsd9\" data-brz-custom-id=\"wq8czyp59pL4\">\n<div class=\"brz-column__items brz-css-d-column-bg brz-css-12iqwvc\">\n<div id=\"\" class=\"brz-css-d-wrapper brz-css-rxl7nd brz-wrapper\">\n<div class=\"brz-menu__container brz-css-d-menu-menu-container brz-css-1uqnmzv\" data-mmenu-id=\"#r1uvZ0QWQv90_60e635a2cfaef7bf4faf\" data-mmenu-position=\"position-left\" data-mmenu-title=\"Main Menu\" data-mmenu-stickytitle=\"on\" data-mmenu-closingicon=\"%7B%22desktop%22%3A%22off%22%2C%22tablet%22%3A%22off%22%2C%22mobile%22%3A%22off%22%7D\" data-brz-menu-accessible=\"true\" data-brz-custom-id=\"r1uvZ0QWQv90\">\n<nav data-mods=\"%7B%22desktop%22%3A%22horizontal%22%2C%22tablet%22%3A%22horizontal%22%2C%22mobile%22%3A%22horizontal%22%7D\" class=\"brz-menu brz-menu__preview brz-css-d-menu-menu brz-css-1neaa0v\">\n<ul class=\"brz-menu__ul\" data-menu-items-active=\"\">\n<li data-menu-item-id=\"d372352d4602f2f9620634434078dee1\" class=\"brz-menu__item menu-item menu-item-type-post_type menu-item-object-page\"><a class=\"brz-a\" target=\"\" href=\"https:\/\/sabiatechnologies.com\/?page_id=1239\" title=\"\"><span class=\"brz-span\">In\u00edcio<\/span><\/a><\/li>\n<li data-menu-item-id=\"0d17b2bd987d5b6a528256f0f61dfcc2\" class=\"brz-menu__item menu-item menu-item-type-post_type menu-item-object-page\"><a class=\"brz-a\" target=\"\" href=\"https:\/\/sabiatechnologies.com\/?page_id=1244\" title=\"\"><span class=\"brz-span\">Productos<\/span><\/a><\/li>\n<li data-menu-item-id=\"dbdb4d1bace1d1234f30ce3bbd763d70\" class=\"brz-menu__item menu-item menu-item-type-post_type menu-item-object-page\"><a class=\"brz-a\" target=\"\" href=\"https:\/\/sabiatechnologies.com\/?page_id=1249\" title=\"\"><span class=\"brz-span\">Nosotros<\/span><\/a><\/li>\n<li data-menu-item-id=\"0e5df2310dd6f879373fe27db32754d2\" class=\"brz-menu__item menu-item menu-item-type-post_type menu-item-object-page\"><a class=\"brz-a\" target=\"\" href=\"https:\/\/sabiatechnologies.com\/?page_id=1254\" title=\"\"><span class=\"brz-span\">Contacto<\/span><\/a><\/li>\n<\/ul>\n<\/nav>\n<div class=\"brz-mm-menu__icon\" data-brz-brz-mmenu-icon=\"off\"><\/div>\n<nav data-mods=\"%7B%22desktop%22%3A%22horizontal%22%2C%22tablet%22%3A%22horizontal%22%2C%22mobile%22%3A%22horizontal%22%7D\" id=\"r1uvZ0QWQv90_60e635a2cfaef7bf4faf\" class=\"brz-menu brz-menu__preview brz-menu__mmenu brz-css-d-menu-mmenu brz-css-11xkupk\">\n<ul class=\"brz-menu__ul\" data-menu-items-active=\"\">\n<li data-menu-item-id=\"d372352d4602f2f9620634434078dee1\" class=\"brz-menu__item menu-item menu-item-type-post_type menu-item-object-page\"><a class=\"brz-a\" target=\"\" href=\"https:\/\/sabiatechnologies.com\/?page_id=1239\" title=\"\"><span class=\"brz-span\">In\u00edcio<\/span><\/a><\/li>\n<li data-menu-item-id=\"0d17b2bd987d5b6a528256f0f61dfcc2\" class=\"brz-menu__item menu-item menu-item-type-post_type menu-item-object-page\"><a class=\"brz-a\" target=\"\" href=\"https:\/\/sabiatechnologies.com\/?page_id=1244\" title=\"\"><span class=\"brz-span\">Productos<\/span><\/a><\/li>\n<li data-menu-item-id=\"dbdb4d1bace1d1234f30ce3bbd763d70\" class=\"brz-menu__item menu-item menu-item-type-post_type menu-item-object-page\"><a class=\"brz-a\" target=\"\" href=\"https:\/\/sabiatechnologies.com\/?page_id=1249\" title=\"\"><span class=\"brz-span\">Nosotros<\/span><\/a><\/li>\n<li data-menu-item-id=\"0e5df2310dd6f879373fe27db32754d2\" class=\"brz-menu__item menu-item menu-item-type-post_type menu-item-object-page\"><a class=\"brz-a\" target=\"\" href=\"https:\/\/sabiatechnologies.com\/?page_id=1254\" title=\"\"><span class=\"brz-span\">Contacto<\/span><\/a><\/li>\n<\/ul>\n<\/nav>\n<\/div>\n<\/div>\n<\/div>\n<\/div>\n<\/div>\n<\/div>\n<\/div>\n<\/div>\n<\/section>\n<section id=\"oIQ8FcLuI8Gz_oIQ8FcLuI8Gz\" class=\"brz-section brz-css-d-section brz-css-e8iq6\">\n<div class=\"brz-section__content brz-section--boxed brz-css-d-sectionitem-bg brz-css-10zhfje\" data-brz-custom-id=\"u1tMKi2DJXTO\">\n<div class=\"brz-bg\">\n<div class=\"brz-bg-color\"><\/div>\n<div class=\"brz-bg-shape brz-bg-shape__top\"><\/div>\n<\/div>\n<div class=\"brz-container brz-css-d-sectionitem-container brz-css-tb86la\">\n<div class=\"brz-row__container brz-css-d-row-row brz-css-do4e7w\" data-brz-custom-id=\"rUEAI7zIGWT6\">\n<div class=\"brz-row brz-css-d-row-container brz-css-r-row-container brz-css-1hewgau\">\n<div class=\"brz-columns brz-css-d-column-column brz-css-smw1s8\" data-brz-custom-id=\"hk9nUSZSe2Zb\">\n<div class=\"brz-column__items brz-css-d-column-bg brz-css-tcr738\">\n<div id=\"\" class=\"brz-css-d-wrapper brz-css-15aja1w brz-wrapper\">\n<div class=\"brz-rich-text brz-rich-text__custom brz-css-d-richtext brz-css-a0j4y7\" data-brz-custom-id=\"ef579DcrU6AZ\">\n<div data-brz-translate-text=\"1\">\n<p class=\"brz-text-lg-center brz-bcp-color2 brz-tp-lg-heading4 brz-css-uO3Oy\" data-uniq-id=\"oxdvn\" data-generated-css=\"brz-css-w3YeM\"><span class=\"brz-cp-color2\">Zona de Clientes<\/span><\/p>\n<\/div>\n<\/div>\n<\/div>\n<div class=\"brz-wrapper-clone brz-flex-xs-wrap brz-css-d-cloneable brz-css-1ijz2lg\" data-brz-custom-id=\"dOYCjsSzImzG\"><a class=\"brz-a brz-btn brz-css-d-button brz-css-sdt34v brz-css-d-button-bg brz-css-h5e06d\" target=\"_self\" rel=\"noopener\" href=\"#moSrLLdz3Dai\" data-brz-link-type=\"popup\" data-brz-custom-id=\"klIVTw5brslV\"><span data-brz-translate-text=\"1\" class=\"brz-span brz-text__editor\">Iniciar&nbsp;sesi\u00f3n<\/span><\/a><\/p>\n<div class=\"brz brz-popup2 brz-popup2__preview brz-popup2__auto brz-popup2--fixed brz-css-d-sectionpopup2 brz-css-8h12uz\" id=\"moSrLLdz3Dai\" data-brz-popup=\"moSrLLdz3Dai\" data-brz-click_outside_to_close=\"true\" data-brz-once-id=\"moSrLLdz3Dai\" data-brz-custom-id=\"h0yJg_fviSxd\">\n<div class=\"brz-bg\">\n<div class=\"brz-bg-color\"><\/div>\n<\/div>\n<div class=\"brz-popup2__inner brz-d-xs-flex brz-flex-xs-wrap brz-css-d-sectionpopup2-bg brz-css-1lmp1s9\">\n<div class=\"brz-container__wrap\">\n<div class=\"brz-popup2__close\" data-brz-custom-id=\"h0yJg_fviSxd--close\"><\/div>\n<div class=\"brz-container\">\n<div class=\"brz-row__container brz-css-d-row-row brz-css-19bp7sf\" data-brz-custom-id=\"mFGpjEBzaZWP\">\n<div class=\"brz-bg\">\n<div class=\"brz-bg-color\"><\/div>\n<\/div>\n<div class=\"brz-row brz-row--inner brz-css-d-row-container brz-css-xmthl7\">\n<div class=\"brz-columns brz-css-d-column-column brz-css-spv3y8\" data-brz-custom-id=\"tEZZKRh_LYFd\">\n<div class=\"brz-column__items brz-css-d-column-bg brz-css-1djxrlc\">\n<div id=\"\" class=\"brz-css-d-wrapper brz-css-qikm05 brz-wrapper\">\n<div data-brz-islogged=\"true\" data-brz-redirect=\"samePage\" data-brz-redirect-value=\"\" data-brz-logout-redirect=\"samePage\" data-brz-logout-redirect-value=\"\" data-brz-translatable-error-empty=\"Please fill in the mandatory fields\" data-brz-translatable-error-passlength=\"Password should be at least 6 characters\" data-brz-error-passmatch=\"Passwords do not match\" class=\"brz-login brz-css-d-login brz-css-yjhgq0\" data-brz-custom-id=\"pEugYBjB1Dj_\">\n<div class=\"brz-login__authorized\">\n<p style=\"min-height:20px\">jleblanc25<\/p>\n<p><a class=\"brz-login__authorized-link\" href=\"https:\/\/sabiatechnologies.com\/wp-login.php?action=logout&amp;redirect_to=https%3A%2F%2Fsabiatechnologies.com%2Fwp-admin%2Fadmin-ajax.php%3Faction%3Dbrizy_update_item%26version%3D351-wp%26hash%3D20ff0a2b4e&amp;_wpnonce=86bc1b79da&amp;isEditorLogout=1\"> Logout<\/a><\/div>\n<div class=\"brz-login-form__field brz-login-form__field-Email brz-login-form__field-remember-on brz-css-d-loginfield brz-css-jkftnc\">\n<div class=\"brz-login__item\">\n<div data-brz-translate-text=\"1\" class=\"brz-login__field\"><\/div>\n<\/div>\n<\/div>\n<div class=\"brz-login-form__field brz-login-form__field-Password brz-login-form__field-remember-on brz-css-d-loginfield brz-css-83yahk\">\n<div class=\"brz-login__item\">\n<div data-brz-translate-text=\"1\" class=\"brz-login__field\"><\/div>\n<\/div>\n<\/div>\n<div class=\"brz-login-form__field brz-login-form__field-Remember brz-login-form__field-remember-on brz-css-d-loginfield brz-css-96f7wi\">\n<div class=\"brz-login__item\">\n<div class=\"brz-control__check-group\" data-value=\"\">\n<div data-brz-translate-text=\"1\" class=\"brz-control__check-group-option\"><label class=\"brz-label\" for=\"emY2VU7hkjrI_b8827803a84ba6adeadc\"><\/p>\n<div class=\"brz-control__check-group-icon brz-control__check-group--check\"><\/div>\n<div class=\"brz-control__check-group-icon brz-control__check-group--uncheck\"><\/div>\n<p>Acu\u00e9rdate de m\u00ed<\/label><\/div>\n<\/div>\n<\/div>\n<\/div>\n<div class=\"brz-login-form__field brz-login__item-button\">\n<div class=\"brz-login__item brz-align-self-xs-end\"><button type=\"submit\" name=\"wp-submit\" class=\"brz-btn brz-btn-submit brz-css-d-button-bg brz-css-1pppmz0\" data-brz-custom-id=\"rjNorE1rZGDn\"><span data-brz-translate-text=\"1\" class=\"brz-span brz-text__editor\">Iniciar sesi\u00f3n<\/span><\/button><\/div>\n<\/div>\n<div class=\"brz-login-form__field brz-login-form__field-lost-password\"><span data-brz-translate-text=\"1\" class=\"brz-span brz-text__editor\">\u00bfPerdiste tu contrase\u00f1a?<\/span><\/div>\n<div class=\"brz-login-form__field brz-login-form__field-ResetEmail brz-css-d-forgotpasswordfield brz-css-upjoh8\">\n<div class=\"brz-login__item\">\n<div class=\"brz-login__field\"><\/div>\n<\/div>\n<\/div>\n<div class=\"brz-login-form__field brz-login__item-button\">\n<div class=\"brz-login__item brz-align-self-xs-end\"><button type=\"submit\" name=\"wp-submit\" class=\"brz-btn brz-btn-submit brz-css-d-button-bg brz-css-b555j9\" data-brz-custom-id=\"w4UVCjkm7c7T\"><span data-brz-translate-text=\"1\" class=\"brz-span brz-text__editor\">Get New Password<\/span><\/button><\/div>\n<\/div>\n<div class=\"brz-login-form__field brz-login-form__field-login-link\"><span data-brz-translate-text=\"1\" class=\"brz-span brz-text__editor\">Back to Login<\/span><\/div>\n<\/div>\n<\/div>\n<\/div>\n<\/div>\n<\/div>\n<\/div>\n<\/div>\n<\/div>\n<\/div>\n<\/div>\n<\/div>\n<\/div>\n<\/div>\n<div class=\"brz-columns brz-css-d-column-column brz-css-1mpuufz\" data-brz-custom-id=\"vxi6SECM5nzy\">\n<div class=\"brz-column__items brz-css-d-column-bg brz-css-1hvnkjt\">\n<div id=\"\" class=\"brz-css-d-wrapper brz-css-8pc1el brz-wrapper\">\n<div class=\"brz-rich-text brz-rich-text__custom brz-css-d-richtext brz-css-1sk94di\" data-brz-custom-id=\"sYo3dn565Sh2\">\n<div data-brz-translate-text=\"1\">\n<h4 class=\"brz-tp-lg-heading4 brz-text-lg-center brz-css-g1H2f\" data-generated-css=\"brz-css-efmk4\" data-uniq-id=\"o50gA\"><\/h4>\n<\/div>\n<\/div>\n<\/div>\n<div class=\"brz-wrapper-clone brz-flex-xs-wrap brz-css-d-cloneable brz-css-xkhckj\" data-brz-custom-id=\"wytvG_h0LoBg\"><a class=\"brz-a brz-btn brz-css-d-button brz-css-vkawsy brz-css-d-button-bg brz-css-wi76rn\" target=\"_self\" rel=\"noopener\" href=\"https:\/\/sabiatechnologies.com\/\" data-brz-link-type=\"page\" data-brz-custom-id=\"robWtatMSXy6\"><span data-brz-translate-text=\"1\" class=\"brz-span brz-text__editor\">English<\/span><\/a><\/div>\n<\/div>\n<\/div>\n<\/div>\n<\/div>\n<\/div>\n<\/div>\n<\/section>\n<section id=\"jbIyVAd08E8p_jbIyVAd08E8p\" class=\"brz-section brz-css-d-section brz-css-hmlqa1\">\n<div class=\"brz-section__content brz-section--boxed brz-css-d-sectionitem-bg brz-css-10kicmg\" data-brz-custom-id=\"cBlRwLrKwPPL\">\n<div class=\"brz-bg\">\n<div class=\"brz-bg-color\"><\/div>\n<div class=\"brz-bg-shape brz-bg-shape__top\"><\/div>\n<\/div>\n<div class=\"brz-container brz-css-d-sectionitem-container brz-css-1fk2kr8\">\n<div class=\"brz-row__container brz-css-d-row-row brz-css-lyq7um\" data-brz-custom-id=\"mo5w64qNiUHx\">\n<div class=\"brz-row brz-css-d-row-container brz-css-r-row-container brz-css-1llxb75\">\n<div class=\"brz-columns brz-css-d-column-column brz-css-jsve6u\" data-brz-custom-id=\"lxn95NFdd4kM\">\n<div class=\"brz-column__items brz-css-d-column-bg brz-css-1810rw0\">\n<div id=\"\" class=\"brz-css-d-wrapper brz-css-1ba97mx brz-wrapper\">\n<div class=\"brz-rich-text brz-rich-text__custom brz-css-d-richtext brz-css-1wzfmh\" data-brz-custom-id=\"cTRuM7tZ_PoP\">\n<div data-brz-translate-text=\"1\">\n<p class=\"brz-text-lg-left brz-bcp-color2 brz-fsft-lg-0 brz-fwdth-lg-100 brz-vfw-lg-400 brz-lh-lg-1_5 brz-ls-lg-0 brz-fw-lg-700 brz-fss-lg-px brz-fs-lg-38 brz-ft-google brz-ff-orbitron brz-tp-lg-empty brz-css-h0czp\" data-generated-css=\"brz-css-pI7I2\" data-uniq-id=\"ybcOr\"><span class=\"brz-cp-color2\">Estamos enfocados en dise\u00f1ar sistemas profesionales.<\/span><\/p>\n<\/div>\n<\/div>\n<\/div>\n<div id=\"\" class=\"brz-css-d-wrapper brz-css-1vvw5f3 brz-wrapper\">\n<div class=\"brz-rich-text brz-rich-text__custom brz-css-d-richtext brz-css-158vfyv\" data-brz-custom-id=\"pqsfE7RlFXg3\">\n<div data-brz-translate-text=\"1\">\n<p class=\"brz-text-lg-left brz-ls-lg-0 brz-lh-lg-1_8 brz-vfw-lg-400 brz-fwdth-lg-100 brz-fsft-lg-0 brz-tp-lg-empty brz-ff-rajdhani brz-ft-google brz-fs-lg-18 brz-fss-lg-px brz-fw-lg-500 brz-css-gigQT\" data-generated-css=\"brz-css-s_ZNb\" data-uniq-id=\"wa__q\"><span class=\"brz-cp-color2\">Los sistemas confiables no ocurren por accidente: se dise\u00f1an, se implementan y se respaldan con disciplina. Desarrollamos y licenciamos software y sistemas operativos, y nuestro modelo se basa en despliegues autorizados, licenciamiento y acuerdos basados en regal\u00edas, respaldados por servicios de soporte profesional que priorizan la estabilidad, una implementaci\u00f3n limpia y cambios controlados a lo largo del tiempo. Cuando las necesidades del cliente lo requieren, tambi\u00e9n podemos suministrar soluciones de hardware complementarias como parte de la implementaci\u00f3n integral. El resultado es una soluci\u00f3n que sigue funcionando, con actualizaciones y mantenimiento gestionados de la manera correcta.<\/span><\/p>\n<\/div>\n<\/div>\n<\/div>\n<\/div>\n<\/div>\n<div class=\"brz-columns brz-css-d-column-column brz-css-xt519q\" data-brz-custom-id=\"lqxOnllSwc4S\">\n<div class=\"brz-column__items brz-css-d-column-bg brz-css-1gx4769\">\n<div id=\"\" class=\"brz-css-d-wrapper brz-css-m4407a brz-wrapper\">\n<div class=\"brz-image brz-css-d-image-kjby6jkw7nxk-parent brz-css-1m09c0u\" data-brz-custom-id=\"kJby6JkW7NXK\"><img decoding=\"async\" class=\"brz-img\" src=\"https:\/\/sabiatechnologies.com\/wp-content\/uploads\/brizy\/imgs\/ChatGPT-Image-Feb-4-2026-11_50_45-AM-871x581x191x74x472x375x1770222448.png\" loading=\"lazy\" title=\"\"><\/div>\n<\/div>\n<\/div>\n<\/div>\n<\/div>\n<\/div>\n<\/div>\n<\/div>\n<\/section>\n<footer id=\"bUmkfDPNJvXg_bUmkfDPNJvXg\" class=\"brz-footer brz-css-d-sectionfooter-section brz-css-m3u072\" data-brz-custom-id=\"bUmkfDPNJvXg\">\n<div class=\"brz-bg\">\n<div class=\"brz-bg-color\"><\/div>\n<div class=\"brz-bg-shape brz-bg-shape__top\"><\/div>\n<\/div>\n<div class=\"brz-container brz-css-d-sectionfooter-container brz-css-1wy0wlu\">\n<div class=\"brz-row__container brz-css-d-row-row brz-css-1on2w13\" data-brz-custom-id=\"bz2mBrM3Gkih\">\n<div class=\"brz-row brz-css-d-row-container brz-css-r-row-container brz-css-anc1yd\">\n<div class=\"brz-columns brz-css-d-column-column brz-css-12qpmog\" data-brz-custom-id=\"wucDD0K1dnWo\">\n<div class=\"brz-column__items brz-css-d-column-bg brz-css-j1avpw\">\n<div id=\"\" class=\"brz-css-d-wrapper brz-css-1ex55ka brz-wrapper\">\n<div class=\"brz-image brz-css-d-image-cbjrdpoxddcv-parent brz-css-10x7m2p\" data-brz-custom-id=\"cbjRdPOxddCV\"><a class=\"brz-a\" target=\"_self\" rel=\"noopener\" href=\"https:\/\/sabiatechnologies.com\/\" data-brz-link-type=\"external\"><img decoding=\"async\" class=\"brz-img\" src=\"https:\/\/sabiatechnologies.com\/wp-content\/uploads\/2026\/02\/ChatGPT-Image-Feb-6-2026-02_12_02-PM-cropped.png\" loading=\"lazy\" title=\"\"><\/a><\/div>\n<\/div>\n<\/div>\n<\/div>\n<\/div>\n<\/div>\n<div id=\"\" class=\"brz-css-d-wrapper brz-css-gf1miu brz-wrapper\">\n<div class=\"brz-line brz-line-default brz-css-d-line brz-css-d7h7bp\" data-brz-custom-id=\"oVSoD1fkUmW_\">\n<hr class=\"brz-hr\"><\/div>\n<\/div>\n<div id=\"\" class=\"brz-css-d-wrapper brz-css-5s9icj brz-wrapper\">\n<div class=\"brz-rich-text brz-rich-text__custom brz-css-d-richtext brz-css-161g27v\" data-brz-custom-id=\"x6rLEa9g_Z9H\">\n<div data-brz-translate-text=\"1\">\n<p class=\"brz-text-lg-center brz-lh-lg-1_7 brz-vfw-lg-400 brz-fwdth-lg-100 brz-fsft-lg-0 brz-tp-lg-empty brz-ff-rajdhani brz-ft-google brz-fs-lg-18 brz-fss-lg-px brz-fw-lg-500 brz-ls-lg-5 brz-css-bvkd2\" data-uniq-id=\"qKWWO\" data-generated-css=\"brz-css-bmV5T\"><span class=\"brz-cp-color8\">Copyright \u00a9 2026 | Reservados todos los derechos<\/span><\/p>\n<\/div>\n<\/div>\n<\/div>\n<\/div>\n<\/footer><\/div>\n<p><!-- version:1772561114 --><\/p>\n","protected":false},"excerpt":{"rendered":"<p>In\u00edcio Productos Nosotros Contacto In\u00edcio Productos Nosotros Contacto Zona de Clientes Iniciar&nbsp;sesi\u00f3n jleblanc25 Logout Acu\u00e9rdate de m\u00ed Iniciar sesi\u00f3n \u00bfPerdiste tu contrase\u00f1a? Get New Password Back to Login English Estamos enfocados en dise\u00f1ar sistemas profesionales. Los sistemas confiables no ocurren por accidente: se dise\u00f1an, se implementan y se respaldan con disciplina. Desarrollamos y licenciamos software&hellip; <a class=\"more-link\" href=\"https:\/\/sabiatechnologies.com\/?page_id=1239\">Continue reading <span class=\"screen-reader-text\">In\u00edcio<\/span><\/a><\/p>\n","protected":false},"author":1,"featured_media":0,"parent":0,"menu_order":0,"comment_status":"closed","ping_status":"closed","template":"brizy-blank-template.php","meta":{"footnotes":""},"class_list":["post-1239","page","type-page","status-publish","hentry","entry"],"brizy_media":[],"_links":{"self":[{"href":"https:\/\/sabiatechnologies.com\/index.php?rest_route=\/wp\/v2\/pages\/1239","targetHints":{"allow":["GET"]}}],"collection":[{"href":"https:\/\/sabiatechnologies.com\/index.php?rest_route=\/wp\/v2\/pages"}],"about":[{"href":"https:\/\/sabiatechnologies.com\/index.php?rest_route=\/wp\/v2\/types\/page"}],"author":[{"embeddable":true,"href":"https:\/\/sabiatechnologies.com\/index.php?rest_route=\/wp\/v2\/users\/1"}],"replies":[{"embeddable":true,"href":"https:\/\/sabiatechnologies.com\/index.php?rest_route=%2Fwp%2Fv2%2Fcomments&post=1239"}],"version-history":[{"count":5,"href":"https:\/\/sabiatechnologies.com\/index.php?rest_route=\/wp\/v2\/pages\/1239\/revisions"}],"predecessor-version":[{"id":1417,"href":"https:\/\/sabiatechnologies.com\/index.php?rest_route=\/wp\/v2\/pages\/1239\/revisions\/1417"}],"wp:attachment":[{"href":"https:\/\/sabiatechnologies.com\/index.php?rest_route=%2Fwp%2Fv2%2Fmedia&parent=1239"}],"curies":[{"name":"wp","href":"https:\/\/api.w.org\/{rel}","templated":true}]}}