{"id":1244,"date":"2026-03-03T14:33:31","date_gmt":"2026-03-03T14:33:31","guid":{"rendered":"https:\/\/sabiatechnologies.com\/?page_id=1244"},"modified":"2026-05-07T16:59:44","modified_gmt":"2026-05-07T16:59:44","slug":"productos-2","status":"publish","type":"page","link":"https:\/\/sabiatechnologies.com\/?page_id=1244","title":{"rendered":"Productos"},"content":{"rendered":"<div class=\"brz brz-root__container brz-reset-all brz-root__container-page\">\n<section id=\"xoHZfnU_ed2O_xoHZfnU_ed2O\" class=\"brz-section brz-section__header brz-section__header-type--static brz-css-d-sectionheader brz-css-1er7s9u\">\n<div class=\"brz-section__menu-item brz-css-d-sectionheaderitem brz-css-1fd3fu7\" data-brz-custom-id=\"uhJObow0kLAa\">\n<div class=\"brz-bg\">\n<div class=\"brz-bg-color\"><\/div>\n<\/div>\n<div class=\"brz-container brz-css-d-sectionheaderitem-container brz-css-1uomn33\">\n<div class=\"brz-row__container brz-css-d-row-row brz-css-1dyek2g\" data-brz-custom-id=\"fZ80CAaJ2pPb\">\n<div class=\"brz-row brz-css-d-row-container brz-css-cgyyzw\">\n<div class=\"brz-columns brz-css-d-column-column brz-css-xymtek\" data-brz-custom-id=\"cpmXHfMhR61o\">\n<div class=\"brz-column__items brz-css-d-column-bg brz-css-syb5ao\">\n<div id=\"\" class=\"brz-css-d-wrapper brz-css-1xemypu brz-wrapper\">\n<div class=\"brz-image brz-css-d-image-jgectopubd6q-parent brz-css-6pzvdn\" data-brz-custom-id=\"jgeCtOPubD6Q\"><img decoding=\"async\" class=\"brz-img\" src=\"https:\/\/sabiatechnologies.com\/wp-content\/uploads\/2026\/02\/ChatGPT-Image-Feb-6-2026-02_12_02-PM-cropped.png\" loading=\"lazy\" title=\"\"><\/div>\n<\/div>\n<\/div>\n<\/div>\n<div class=\"brz-columns brz-css-d-column-column brz-css-5vgx0v\" data-brz-custom-id=\"iTe5qyCThUhy\">\n<div class=\"brz-column__items brz-css-d-column-bg brz-css-1vh7hf4\">\n<div id=\"\" class=\"brz-css-d-wrapper brz-css-1fj0pcm brz-wrapper\">\n<div class=\"brz-menu__container brz-css-d-menu-menu-container brz-css-5zn1ox\" data-mmenu-id=\"#mowIPyUY9kj6_bd5102aca1ee69e23a80\" data-mmenu-position=\"position-left\" data-mmenu-title=\"Main Menu\" data-mmenu-stickytitle=\"on\" data-mmenu-closingicon=\"%7B%22desktop%22%3A%22off%22%2C%22tablet%22%3A%22off%22%2C%22mobile%22%3A%22off%22%7D\" data-brz-menu-accessible=\"true\" data-brz-custom-id=\"mowIPyUY9kj6\">\n<nav data-mods=\"%7B%22desktop%22%3A%22horizontal%22%2C%22tablet%22%3A%22horizontal%22%2C%22mobile%22%3A%22horizontal%22%7D\" class=\"brz-menu brz-menu__preview brz-css-d-menu-menu brz-css-1j9ewza\">\n<ul class=\"brz-menu__ul\" data-menu-items-active=\"\">\n<li data-menu-item-id=\"d372352d4602f2f9620634434078dee1\" class=\"brz-menu__item menu-item menu-item-type-post_type menu-item-object-page\"><a class=\"brz-a\" target=\"\" href=\"https:\/\/sabiatechnologies.com\/?page_id=1239\" title=\"\"><span class=\"brz-span\">In\u00edcio<\/span><\/a><\/li>\n<li data-menu-item-id=\"0d17b2bd987d5b6a528256f0f61dfcc2\" class=\"brz-menu__item menu-item menu-item-type-post_type menu-item-object-page\"><a class=\"brz-a\" target=\"\" href=\"https:\/\/sabiatechnologies.com\/?page_id=1244\" title=\"\"><span class=\"brz-span\">Productos<\/span><\/a><\/li>\n<li data-menu-item-id=\"dbdb4d1bace1d1234f30ce3bbd763d70\" class=\"brz-menu__item menu-item menu-item-type-post_type menu-item-object-page\"><a class=\"brz-a\" target=\"\" href=\"https:\/\/sabiatechnologies.com\/?page_id=1249\" title=\"\"><span class=\"brz-span\">Nosotros<\/span><\/a><\/li>\n<li data-menu-item-id=\"0e5df2310dd6f879373fe27db32754d2\" class=\"brz-menu__item menu-item menu-item-type-post_type menu-item-object-page\"><a class=\"brz-a\" target=\"\" href=\"https:\/\/sabiatechnologies.com\/?page_id=1254\" title=\"\"><span class=\"brz-span\">Contacto<\/span><\/a><\/li>\n<\/ul>\n<\/nav>\n<div class=\"brz-mm-menu__icon\" data-brz-brz-mmenu-icon=\"off\"><\/div>\n<nav data-mods=\"%7B%22desktop%22%3A%22horizontal%22%2C%22tablet%22%3A%22horizontal%22%2C%22mobile%22%3A%22horizontal%22%7D\" id=\"mowIPyUY9kj6_bd5102aca1ee69e23a80\" class=\"brz-menu brz-menu__preview brz-menu__mmenu brz-css-d-menu-mmenu brz-css-1hkeblv\">\n<ul class=\"brz-menu__ul\" data-menu-items-active=\"\">\n<li data-menu-item-id=\"d372352d4602f2f9620634434078dee1\" class=\"brz-menu__item menu-item menu-item-type-post_type menu-item-object-page\"><a class=\"brz-a\" target=\"\" href=\"https:\/\/sabiatechnologies.com\/?page_id=1239\" title=\"\"><span class=\"brz-span\">In\u00edcio<\/span><\/a><\/li>\n<li data-menu-item-id=\"0d17b2bd987d5b6a528256f0f61dfcc2\" class=\"brz-menu__item menu-item menu-item-type-post_type menu-item-object-page\"><a class=\"brz-a\" target=\"\" href=\"https:\/\/sabiatechnologies.com\/?page_id=1244\" title=\"\"><span class=\"brz-span\">Productos<\/span><\/a><\/li>\n<li data-menu-item-id=\"dbdb4d1bace1d1234f30ce3bbd763d70\" class=\"brz-menu__item menu-item menu-item-type-post_type menu-item-object-page\"><a class=\"brz-a\" target=\"\" href=\"https:\/\/sabiatechnologies.com\/?page_id=1249\" title=\"\"><span class=\"brz-span\">Nosotros<\/span><\/a><\/li>\n<li data-menu-item-id=\"0e5df2310dd6f879373fe27db32754d2\" class=\"brz-menu__item menu-item menu-item-type-post_type menu-item-object-page\"><a class=\"brz-a\" target=\"\" href=\"https:\/\/sabiatechnologies.com\/?page_id=1254\" title=\"\"><span class=\"brz-span\">Contacto<\/span><\/a><\/li>\n<\/ul>\n<\/nav>\n<\/div>\n<\/div>\n<\/div>\n<\/div>\n<\/div>\n<\/div>\n<\/div>\n<\/div>\n<\/section>\n<section id=\"jQ0mCdwNj2hb_jQ0mCdwNj2hb\" class=\"brz-section brz-css-d-section brz-css-uua8b3\">\n<div class=\"brz-section__content brz-section--boxed brz-css-d-sectionitem-bg brz-css-1y5ma6p\" data-brz-custom-id=\"yj8LBQMNU6Gu\">\n<div class=\"brz-bg\">\n<div class=\"brz-bg-color\"><\/div>\n<div class=\"brz-bg-shape brz-bg-shape__top\"><\/div>\n<\/div>\n<div class=\"brz-container brz-css-d-sectionitem-container brz-css-jepwj3\">\n<div class=\"brz-row__container brz-css-d-row-row brz-css-1edvfx6\" data-brz-custom-id=\"l7Id8UjeXXw5\">\n<div class=\"brz-row brz-css-d-row-container brz-css-r-row-container brz-css-a12nj0\">\n<div class=\"brz-columns brz-css-d-column-column brz-css-1f98pgt\" data-brz-custom-id=\"iMzmvPnQ5vKR\">\n<div class=\"brz-column__items brz-css-d-column-bg brz-css-1cy1n1r\">\n<div id=\"\" class=\"brz-css-d-wrapper brz-css-14e2y29 brz-wrapper\">\n<div class=\"brz-rich-text brz-rich-text__custom brz-css-d-richtext brz-css-1cuvaym\" data-brz-custom-id=\"aQxHBcQLbqCT\">\n<div data-brz-translate-text=\"1\">\n<p class=\"brz-text-lg-center brz-bcp-color2 brz-tp-lg-heading4 brz-css-c_CqY\" data-uniq-id=\"vanXh\" data-generated-css=\"brz-css-ccAjr\"><span class=\"brz-cp-color2\">Zona de Clientes<\/span><\/p>\n<\/div>\n<\/div>\n<\/div>\n<div class=\"brz-wrapper-clone brz-flex-xs-wrap brz-css-d-cloneable brz-css-r7oxtp\" data-brz-custom-id=\"kyZXG46VD8oB\"><a class=\"brz-a brz-btn brz-css-d-button brz-css-xliscs brz-css-d-button-bg brz-css-bgbw6k\" target=\"_self\" rel=\"noopener\" href=\"#cxj1wt3cy7k_\" data-brz-link-type=\"popup\" data-brz-custom-id=\"zOhiAX1WrOZe\"><span data-brz-translate-text=\"1\" class=\"brz-span brz-text__editor\">Iniciar&nbsp;sesi\u00f3n<\/span><\/a><\/p>\n<div class=\"brz brz-popup2 brz-popup2__preview brz-popup2__auto brz-popup2--fixed brz-css-d-sectionpopup2 brz-css-qlon0v\" id=\"cxj1wt3cy7k_\" data-brz-popup=\"cxj1wt3cy7k_\" data-brz-click_outside_to_close=\"true\" data-brz-once-id=\"cxj1wt3cy7k_\" data-brz-custom-id=\"tbnyBNyrSOIi\">\n<div class=\"brz-bg\">\n<div class=\"brz-bg-color\"><\/div>\n<\/div>\n<div class=\"brz-popup2__inner brz-d-xs-flex brz-flex-xs-wrap brz-css-d-sectionpopup2-bg brz-css-1illg8y\">\n<div class=\"brz-container__wrap\">\n<div class=\"brz-popup2__close\" data-brz-custom-id=\"tbnyBNyrSOIi--close\"><\/div>\n<div class=\"brz-container\">\n<div class=\"brz-row__container brz-css-d-row-row brz-css-19qvus4\" data-brz-custom-id=\"vG1rkpi___hn\">\n<div class=\"brz-bg\">\n<div class=\"brz-bg-color\"><\/div>\n<\/div>\n<div class=\"brz-row brz-row--inner brz-css-d-row-container brz-css-y58ikp\">\n<div class=\"brz-columns brz-css-d-column-column brz-css-1u3y216\" data-brz-custom-id=\"xSlamCiwv2oX\">\n<div class=\"brz-column__items brz-css-d-column-bg brz-css-8n0hpr\">\n<div id=\"\" class=\"brz-css-d-wrapper brz-css-19iaaby brz-wrapper\">\n<div data-brz-islogged=\"true\" data-brz-redirect=\"samePage\" data-brz-redirect-value=\"\" data-brz-logout-redirect=\"samePage\" data-brz-logout-redirect-value=\"\" data-brz-translatable-error-empty=\"Please fill in the mandatory fields\" data-brz-translatable-error-passlength=\"Password should be at least 6 characters\" data-brz-error-passmatch=\"Passwords do not match\" class=\"brz-login brz-css-d-login brz-css-1iwh5lq\" data-brz-custom-id=\"bBiVX7Ln5JWu\">\n<div class=\"brz-login__authorized\">\n<p style=\"min-height:20px\">jleblanc25<\/p>\n<p><a class=\"brz-login__authorized-link\" href=\"https:\/\/sabiatechnologies.com\/wp-login.php?action=logout&amp;redirect_to=https%3A%2F%2Fsabiatechnologies.com%2Fwp-admin%2Fadmin-ajax.php%3Faction%3Dbrizy_update_item%26version%3D351-wp%26hash%3D20ff0a2b4e&amp;_wpnonce=86bc1b79da&amp;isEditorLogout=1\"> Logout<\/a><\/div>\n<div class=\"brz-login-form__field brz-login-form__field-Email brz-login-form__field-remember-on brz-css-d-loginfield brz-css-1qhvwha\">\n<div class=\"brz-login__item\">\n<div data-brz-translate-text=\"1\" class=\"brz-login__field\"><\/div>\n<\/div>\n<\/div>\n<div class=\"brz-login-form__field brz-login-form__field-Password brz-login-form__field-remember-on brz-css-d-loginfield brz-css-dnkerl\">\n<div class=\"brz-login__item\">\n<div data-brz-translate-text=\"1\" class=\"brz-login__field\"><\/div>\n<\/div>\n<\/div>\n<div class=\"brz-login-form__field brz-login-form__field-Remember brz-login-form__field-remember-on brz-css-d-loginfield brz-css-9cep15\">\n<div class=\"brz-login__item\">\n<div class=\"brz-control__check-group\" data-value=\"\">\n<div data-brz-translate-text=\"1\" class=\"brz-control__check-group-option\"><label class=\"brz-label\" for=\"hLsxxY1BdyS6_32361f3f07970824c1dd\"><\/p>\n<div class=\"brz-control__check-group-icon brz-control__check-group--check\"><\/div>\n<div class=\"brz-control__check-group-icon brz-control__check-group--uncheck\"><\/div>\n<p>Acu\u00e9rdate de m\u00ed<\/label><\/div>\n<\/div>\n<\/div>\n<\/div>\n<div class=\"brz-login-form__field brz-login__item-button\">\n<div class=\"brz-login__item brz-align-self-xs-end\"><button type=\"submit\" name=\"wp-submit\" class=\"brz-btn brz-btn-submit brz-css-d-button-bg brz-css-j8gtf0\" data-brz-custom-id=\"wGxO3IuH37dH\"><span data-brz-translate-text=\"1\" class=\"brz-span brz-text__editor\">Iniciar sesi\u00f3n<\/span><\/button><\/div>\n<\/div>\n<div class=\"brz-login-form__field brz-login-form__field-lost-password\"><span data-brz-translate-text=\"1\" class=\"brz-span brz-text__editor\">\u00bfPerdiste tu contrase\u00f1a?<\/span><\/div>\n<div class=\"brz-login-form__field brz-login-form__field-ResetEmail brz-css-d-forgotpasswordfield brz-css-8blzuf\">\n<div class=\"brz-login__item\">\n<div class=\"brz-login__field\"><\/div>\n<\/div>\n<\/div>\n<div class=\"brz-login-form__field brz-login__item-button\">\n<div class=\"brz-login__item brz-align-self-xs-end\"><button type=\"submit\" name=\"wp-submit\" class=\"brz-btn brz-btn-submit brz-css-d-button-bg brz-css-7b5gq0\" data-brz-custom-id=\"q5zZG6eVVOUQ\"><span data-brz-translate-text=\"1\" class=\"brz-span brz-text__editor\">Get New Password<\/span><\/button><\/div>\n<\/div>\n<div class=\"brz-login-form__field brz-login-form__field-login-link\"><span data-brz-translate-text=\"1\" class=\"brz-span brz-text__editor\">Back to Login<\/span><\/div>\n<\/div>\n<\/div>\n<\/div>\n<\/div>\n<\/div>\n<\/div>\n<\/div>\n<\/div>\n<\/div>\n<\/div>\n<\/div>\n<\/div>\n<\/div>\n<\/div>\n<\/div>\n<\/div>\n<\/div>\n<\/section>\n<section id=\"d14kq8FNwy44_d14kq8FNwy44\" class=\"brz-section brz-css-d-section brz-css-q8h21j\">\n<div class=\"brz-section__content brz-section--boxed brz-css-d-sectionitem-bg brz-css-2vd1wu\" data-brz-custom-id=\"cExDxMPEGLH6\">\n<div class=\"brz-bg\">\n<div class=\"brz-bg-color\"><\/div>\n<div class=\"brz-bg-shape brz-bg-shape__top\"><\/div>\n<\/div>\n<div class=\"brz-container brz-css-d-sectionitem-container brz-css-1jrjvk7\">\n<div id=\"\" class=\"brz-css-d-wrapper brz-css-1ezyj6k brz-wrapper\">\n<div class=\"brz-rich-text brz-rich-text__custom brz-css-d-richtext brz-css-1mqpkq4\" data-brz-custom-id=\"zAImk7MAtx1w\">\n<div data-brz-translate-text=\"1\">\n<p class=\"brz-tp-lg-empty brz-ff-rajdhani brz-ft-google brz-fs-lg-36 brz-fss-lg-px brz-fw-lg-600 brz-ls-lg-0 brz-lh-lg-1_8 brz-vfw-lg-400 brz-fwdth-lg-100 brz-fsft-lg-0 brz-text-lg-center brz-fss-xs-px brz-fw-xs-600 brz-ls-xs-0 brz-lh-xs-1_8 brz-vfw-xs-400 brz-fwdth-xs-100 brz-fsft-xs-0 brz-tp-xs-empty brz-fs-xs-18 brz-css-xriqW\" data-generated-css=\"brz-css-tI_Nc\" data-uniq-id=\"yuw75\"><span class=\"brz-cp-color7\">Por favor, inicia sesi\u00f3n en la Zona de Clientes para acceder a este contenido.<\/span><\/p>\n<\/div>\n<\/div>\n<\/div>\n<\/div>\n<\/div>\n<\/section>\n<footer id=\"xYMY3JIOnnIg_xYMY3JIOnnIg\" class=\"brz-footer brz-css-d-sectionfooter-section brz-css-18b3b0j\" data-brz-custom-id=\"xYMY3JIOnnIg\">\n<div class=\"brz-bg\">\n<div class=\"brz-bg-color\"><\/div>\n<div class=\"brz-bg-shape brz-bg-shape__top\"><\/div>\n<\/div>\n<div class=\"brz-container brz-css-d-sectionfooter-container brz-css-b82rjw\">\n<div class=\"brz-row__container brz-css-d-row-row brz-css-1qawxuk\" data-brz-custom-id=\"aIq6qETsQjp_\">\n<div class=\"brz-row brz-css-d-row-container brz-css-r-row-container brz-css-13p28v4\">\n<div class=\"brz-columns brz-css-d-column-column brz-css-4cn3nj\" data-brz-custom-id=\"dfSIkSGcQ4z6\">\n<div class=\"brz-column__items brz-css-d-column-bg brz-css-2434wf\">\n<div id=\"\" class=\"brz-css-d-wrapper brz-css-1a5r9de brz-wrapper\">\n<div class=\"brz-image brz-css-d-image-uxpsrt9tks9f-parent brz-css-15x7fll\" data-brz-custom-id=\"uXpSrt9tKS9f\"><a class=\"brz-a\" target=\"_self\" rel=\"noopener\" href=\"https:\/\/sabiatechnologies.com\/\" data-brz-link-type=\"external\"><img decoding=\"async\" class=\"brz-img\" src=\"https:\/\/sabiatechnologies.com\/wp-content\/uploads\/2026\/02\/ChatGPT-Image-Feb-6-2026-02_12_02-PM-cropped.png\" loading=\"lazy\" title=\"\"><\/a><\/div>\n<\/div>\n<\/div>\n<\/div>\n<\/div>\n<\/div>\n<div id=\"\" class=\"brz-css-d-wrapper brz-css-199dxsr brz-wrapper\">\n<div class=\"brz-line brz-line-default brz-css-d-line brz-css-foik10\" data-brz-custom-id=\"fv1sKonokl6U\">\n<hr class=\"brz-hr\"><\/div>\n<\/div>\n<div id=\"\" class=\"brz-css-d-wrapper brz-css-15pwzy4 brz-wrapper\">\n<div class=\"brz-rich-text brz-rich-text__custom brz-css-d-richtext brz-css-tdgtdg\" data-brz-custom-id=\"cA69Csxnv7SH\">\n<div data-brz-translate-text=\"1\">\n<p class=\"brz-text-lg-center brz-lh-lg-1_7 brz-vfw-lg-400 brz-fwdth-lg-100 brz-fsft-lg-0 brz-tp-lg-empty brz-ff-rajdhani brz-ft-google brz-fs-lg-18 brz-fss-lg-px brz-fw-lg-500 brz-ls-lg-5 brz-css-jULzd\" data-uniq-id=\"ofh9X\" data-generated-css=\"brz-css-uiQTg\"><span class=\"brz-cp-color8\">Copyright \u00a9 2026 | Reservados todos los derechos<\/span><\/p>\n<\/div>\n<\/div>\n<\/div>\n<\/div>\n<\/footer><\/div>\n<p><!-- version:1772561223 --><\/p>\n","protected":false},"excerpt":{"rendered":"<p>In\u00edcio Productos Nosotros Contacto In\u00edcio Productos Nosotros Contacto Zona de Clientes Iniciar&nbsp;sesi\u00f3n jleblanc25 Logout Acu\u00e9rdate de m\u00ed Iniciar sesi\u00f3n \u00bfPerdiste tu contrase\u00f1a? Get New Password Back to Login Por favor, inicia sesi\u00f3n en la Zona de Clientes para acceder a este contenido. Copyright \u00a9 2026 | Reservados todos los derechos<\/p>\n","protected":false},"author":1,"featured_media":0,"parent":0,"menu_order":0,"comment_status":"closed","ping_status":"closed","template":"brizy-blank-template.php","meta":{"footnotes":""},"class_list":["post-1244","page","type-page","status-publish","hentry","entry"],"brizy_media":[],"_links":{"self":[{"href":"https:\/\/sabiatechnologies.com\/index.php?rest_route=\/wp\/v2\/pages\/1244","targetHints":{"allow":["GET"]}}],"collection":[{"href":"https:\/\/sabiatechnologies.com\/index.php?rest_route=\/wp\/v2\/pages"}],"about":[{"href":"https:\/\/sabiatechnologies.com\/index.php?rest_route=\/wp\/v2\/types\/page"}],"author":[{"embeddable":true,"href":"https:\/\/sabiatechnologies.com\/index.php?rest_route=\/wp\/v2\/users\/1"}],"replies":[{"embeddable":true,"href":"https:\/\/sabiatechnologies.com\/index.php?rest_route=%2Fwp%2Fv2%2Fcomments&post=1244"}],"version-history":[{"count":5,"href":"https:\/\/sabiatechnologies.com\/index.php?rest_route=\/wp\/v2\/pages\/1244\/revisions"}],"predecessor-version":[{"id":1425,"href":"https:\/\/sabiatechnologies.com\/index.php?rest_route=\/wp\/v2\/pages\/1244\/revisions\/1425"}],"wp:attachment":[{"href":"https:\/\/sabiatechnologies.com\/index.php?rest_route=%2Fwp%2Fv2%2Fmedia&parent=1244"}],"curies":[{"name":"wp","href":"https:\/\/api.w.org\/{rel}","templated":true}]}}