{"id":1249,"date":"2026-03-03T14:34:39","date_gmt":"2026-03-03T14:34:39","guid":{"rendered":"https:\/\/sabiatechnologies.com\/?page_id=1249"},"modified":"2026-05-07T16:59:30","modified_gmt":"2026-05-07T16:59:30","slug":"nosotros-2","status":"publish","type":"page","link":"https:\/\/sabiatechnologies.com\/?page_id=1249","title":{"rendered":"Nosotros"},"content":{"rendered":"<div class=\"brz brz-root__container brz-reset-all brz-root__container-page\">\n<section id=\"rXSx3ScZ1goX_rXSx3ScZ1goX\" class=\"brz-section brz-section__header brz-section__header-type--static brz-css-d-sectionheader brz-css-b7wl20\">\n<div class=\"brz-section__menu-item brz-css-d-sectionheaderitem brz-css-9kzgtm\" data-brz-custom-id=\"iUQ9fH2vtuk1\">\n<div class=\"brz-bg\">\n<div class=\"brz-bg-color\"><\/div>\n<\/div>\n<div class=\"brz-container brz-css-d-sectionheaderitem-container brz-css-ba5nt4\">\n<div class=\"brz-row__container brz-css-d-row-row brz-css-idgl4o\" data-brz-custom-id=\"rUkKDHouCdmO\">\n<div class=\"brz-row brz-css-d-row-container brz-css-1emla4u\">\n<div class=\"brz-columns brz-css-d-column-column brz-css-j9ez5g\" data-brz-custom-id=\"cnhqaP71WdMM\">\n<div class=\"brz-column__items brz-css-d-column-bg brz-css-1ua5prx\">\n<div id=\"\" class=\"brz-css-d-wrapper brz-css-8fs43q brz-wrapper\">\n<div class=\"brz-image brz-css-d-image-s4af1plsz0nv-parent brz-css-htz9f5\" data-brz-custom-id=\"s4AF1pLsz0NV\"><img decoding=\"async\" class=\"brz-img\" src=\"https:\/\/sabiatechnologies.com\/wp-content\/uploads\/2026\/02\/ChatGPT-Image-Feb-6-2026-02_12_02-PM-cropped.png\" loading=\"lazy\" title=\"\"><\/div>\n<\/div>\n<\/div>\n<\/div>\n<div class=\"brz-columns brz-css-d-column-column brz-css-1s2dki8\" data-brz-custom-id=\"ybXo7kb9EIwv\">\n<div class=\"brz-column__items brz-css-d-column-bg brz-css-16adej6\">\n<div id=\"\" class=\"brz-css-d-wrapper brz-css-1cf62qu brz-wrapper\">\n<div class=\"brz-menu__container brz-css-d-menu-menu-container brz-css-rmhge7\" data-mmenu-id=\"#cmmnwXMO_T39_179813ee3446be7360f8\" data-mmenu-position=\"position-left\" data-mmenu-title=\"Main Menu\" data-mmenu-stickytitle=\"on\" data-mmenu-closingicon=\"%7B%22desktop%22%3A%22off%22%2C%22tablet%22%3A%22off%22%2C%22mobile%22%3A%22off%22%7D\" data-brz-menu-accessible=\"true\" data-brz-custom-id=\"cmmnwXMO_T39\">\n<nav data-mods=\"%7B%22desktop%22%3A%22horizontal%22%2C%22tablet%22%3A%22horizontal%22%2C%22mobile%22%3A%22horizontal%22%7D\" class=\"brz-menu brz-menu__preview brz-css-d-menu-menu brz-css-1o399j8\">\n<ul class=\"brz-menu__ul\" data-menu-items-active=\"\">\n<li data-menu-item-id=\"d372352d4602f2f9620634434078dee1\" class=\"brz-menu__item menu-item menu-item-type-post_type menu-item-object-page\"><a class=\"brz-a\" target=\"\" href=\"https:\/\/sabiatechnologies.com\/?page_id=1239\" title=\"\"><span class=\"brz-span\">In\u00edcio<\/span><\/a><\/li>\n<li data-menu-item-id=\"0d17b2bd987d5b6a528256f0f61dfcc2\" class=\"brz-menu__item menu-item menu-item-type-post_type menu-item-object-page\"><a class=\"brz-a\" target=\"\" href=\"https:\/\/sabiatechnologies.com\/?page_id=1244\" title=\"\"><span class=\"brz-span\">Productos<\/span><\/a><\/li>\n<li data-menu-item-id=\"dbdb4d1bace1d1234f30ce3bbd763d70\" class=\"brz-menu__item menu-item menu-item-type-post_type menu-item-object-page\"><a class=\"brz-a\" target=\"\" href=\"https:\/\/sabiatechnologies.com\/?page_id=1249\" title=\"\"><span class=\"brz-span\">Nosotros<\/span><\/a><\/li>\n<li data-menu-item-id=\"0e5df2310dd6f879373fe27db32754d2\" class=\"brz-menu__item menu-item menu-item-type-post_type menu-item-object-page\"><a class=\"brz-a\" target=\"\" href=\"https:\/\/sabiatechnologies.com\/?page_id=1254\" title=\"\"><span class=\"brz-span\">Contacto<\/span><\/a><\/li>\n<\/ul>\n<\/nav>\n<div class=\"brz-mm-menu__icon\" data-brz-brz-mmenu-icon=\"off\"><\/div>\n<nav data-mods=\"%7B%22desktop%22%3A%22horizontal%22%2C%22tablet%22%3A%22horizontal%22%2C%22mobile%22%3A%22horizontal%22%7D\" id=\"cmmnwXMO_T39_179813ee3446be7360f8\" class=\"brz-menu brz-menu__preview brz-menu__mmenu brz-css-d-menu-mmenu brz-css-19qnf8k\">\n<ul class=\"brz-menu__ul\" data-menu-items-active=\"\">\n<li data-menu-item-id=\"d372352d4602f2f9620634434078dee1\" class=\"brz-menu__item menu-item menu-item-type-post_type menu-item-object-page\"><a class=\"brz-a\" target=\"\" href=\"https:\/\/sabiatechnologies.com\/?page_id=1239\" title=\"\"><span class=\"brz-span\">In\u00edcio<\/span><\/a><\/li>\n<li data-menu-item-id=\"0d17b2bd987d5b6a528256f0f61dfcc2\" class=\"brz-menu__item menu-item menu-item-type-post_type menu-item-object-page\"><a class=\"brz-a\" target=\"\" href=\"https:\/\/sabiatechnologies.com\/?page_id=1244\" title=\"\"><span class=\"brz-span\">Productos<\/span><\/a><\/li>\n<li data-menu-item-id=\"dbdb4d1bace1d1234f30ce3bbd763d70\" class=\"brz-menu__item menu-item menu-item-type-post_type menu-item-object-page\"><a class=\"brz-a\" target=\"\" href=\"https:\/\/sabiatechnologies.com\/?page_id=1249\" title=\"\"><span class=\"brz-span\">Nosotros<\/span><\/a><\/li>\n<li data-menu-item-id=\"0e5df2310dd6f879373fe27db32754d2\" class=\"brz-menu__item menu-item menu-item-type-post_type menu-item-object-page\"><a class=\"brz-a\" target=\"\" href=\"https:\/\/sabiatechnologies.com\/?page_id=1254\" title=\"\"><span class=\"brz-span\">Contacto<\/span><\/a><\/li>\n<\/ul>\n<\/nav>\n<\/div>\n<\/div>\n<\/div>\n<\/div>\n<\/div>\n<\/div>\n<\/div>\n<\/div>\n<\/section>\n<section id=\"eQJajKwuauuQ_eQJajKwuauuQ\" class=\"brz-section brz-css-d-section brz-css-szl2rm\">\n<div class=\"brz-section__content brz-section--boxed brz-css-d-sectionitem-bg brz-css-tcd981\" data-brz-custom-id=\"r5MQR0hYMvn4\">\n<div class=\"brz-bg\">\n<div class=\"brz-bg-color\"><\/div>\n<div class=\"brz-bg-shape brz-bg-shape__top\"><\/div>\n<\/div>\n<div class=\"brz-container brz-css-d-sectionitem-container brz-css-p1l55y\">\n<div class=\"brz-row__container brz-css-d-row-row brz-css-1bobasx\" data-brz-custom-id=\"pwpLu0HubcJi\">\n<div class=\"brz-row brz-css-d-row-container brz-css-r-row-container brz-css-h8fz1b\">\n<div class=\"brz-columns brz-css-d-column-column brz-css-htpupi\" data-brz-custom-id=\"w29bQ505Lp4q\">\n<div class=\"brz-column__items brz-css-d-column-bg brz-css-1b7l5la\">\n<div id=\"\" class=\"brz-css-d-wrapper brz-css-t17z99 brz-wrapper\">\n<div class=\"brz-image brz-css-d-image-dnjdmyvdmfxs-parent brz-css-15c94ku\" data-brz-custom-id=\"dNjdMyvdMFxS\"><img decoding=\"async\" class=\"brz-img\" src=\"https:\/\/sabiatechnologies.com\/wp-content\/uploads\/brizy\/imgs\/pexels-nemuel-6424587-scaled-472x708x5x0x468x708x1770731041.jpg\" loading=\"lazy\" title=\"\"><\/div>\n<\/div>\n<\/div>\n<\/div>\n<div class=\"brz-columns brz-css-d-column-column brz-css-1bypv0d\" data-brz-custom-id=\"qIdO4U9oYG7A\">\n<div class=\"brz-column__items brz-css-d-column-bg brz-css-vt13sr\">\n<div id=\"\" class=\"brz-css-d-wrapper brz-css-1p0b39p brz-wrapper\">\n<div class=\"brz-rich-text brz-rich-text__custom brz-css-d-richtext brz-css-1a6uo2u\" data-brz-custom-id=\"huQNzW1ASUqX\">\n<div data-brz-translate-text=\"1\">\n<p class=\"brz-fs-lg-44 brz-ft-google brz-ff-orbitron brz-tp-lg-empty brz-fsft-lg-0 brz-fwdth-lg-100 brz-vfw-lg-400 brz-lh-lg-1_8 brz-ls-lg-0 brz-fw-lg-700 brz-fss-lg-px brz-css-ao53F\" data-generated-css=\"brz-css-g7Cl7\" data-uniq-id=\"ySn49\"><span class=\"brz-cp-color2\">Sobre Sabia<\/span><\/p>\n<\/div>\n<\/div>\n<\/div>\n<div id=\"\" class=\"brz-css-d-wrapper brz-css-1qi8e7e brz-wrapper\">\n<div class=\"brz-rich-text brz-rich-text__custom brz-css-d-richtext brz-css-wu6st3\" data-brz-custom-id=\"pswT6iTD65p7\">\n<div data-brz-translate-text=\"1\">\n<p class=\"brz-tp-lg-paragraph brz-css-jMReW\" data-generated-css=\"brz-css-bTKSo\" data-uniq-id=\"xWaCx\"><span class=\"brz-cp-color2\">Fundada el 13 de diciembre de 2010, Sabia Technologies Corp. fue creada como una empresa impulsada por la tecnolog\u00eda, enfocada en el desarrollo de software y la consultor\u00eda de TI. Desde el inicio, nuestra misi\u00f3n ha sido pr\u00e1ctica y constante: crear soluciones que ayuden a las organizaciones a agilizar operaciones, mejorar la visibilidad financiera y optimizar la eficiencia tecnol\u00f3gica del d\u00eda a d\u00eda.<\/span><\/p>\n<p class=\"brz-tp-lg-paragraph brz-css-fZ_6C\" data-generated-css=\"brz-css-v3eJ7\" data-uniq-id=\"nIg8X\"><\/p>\n<p class=\"brz-tp-lg-paragraph brz-css-dfrHI\" data-generated-css=\"brz-css-g2rrH\" data-uniq-id=\"fpuGv\"><span class=\"brz-cp-color2\">Con el paso de los a\u00f1os, Sabia Technologies Corp. se ha especializado en desarrollar productos de software propietario dise\u00f1ados para entornos operativos, donde la estabilidad, la claridad y la continuidad son fundamentales. Nuestro modelo de negocio incluye licenciar estas soluciones de software y cobrar regal\u00edas vinculadas a despliegues autorizados, respaldado por una entrega estructurada, documentaci\u00f3n clara y mantenimiento y actualizaciones continuas.<\/span><\/p>\n<p class=\"brz-tp-lg-paragraph brz-css-zxJPS\" data-generated-css=\"brz-css-sZDjT\" data-uniq-id=\"lQYVD\"><\/p>\n<p class=\"brz-tp-lg-paragraph brz-css-tGkO6\" data-generated-css=\"brz-css-zfCve\" data-uniq-id=\"rAQYU\"><span class=\"brz-cp-color2\">Hoy, Sabia Technologies Corp. contin\u00faa desarrollando y respaldando software que funciona de manera consistente y evoluciona responsablemente con el tiempo, con \u00e9nfasis en una ejecuci\u00f3n disciplinada y procesos orientados al cumplimiento.<\/span><\/p>\n<\/div>\n<\/div>\n<\/div>\n<\/div>\n<\/div>\n<\/div>\n<\/div>\n<\/div>\n<\/div>\n<\/section>\n<footer id=\"uHI9gntWwKVI_uHI9gntWwKVI\" class=\"brz-footer brz-css-d-sectionfooter-section brz-css-17zx6db\" data-brz-custom-id=\"uHI9gntWwKVI\">\n<div class=\"brz-bg\">\n<div class=\"brz-bg-color\"><\/div>\n<div class=\"brz-bg-shape brz-bg-shape__top\"><\/div>\n<\/div>\n<div class=\"brz-container brz-css-d-sectionfooter-container brz-css-1s4i76h\">\n<div class=\"brz-row__container brz-css-d-row-row brz-css-18l82sn\" data-brz-custom-id=\"dlAvNh061LDJ\">\n<div class=\"brz-row brz-css-d-row-container brz-css-r-row-container brz-css-1kui060\">\n<div class=\"brz-columns brz-css-d-column-column brz-css-1he3rd6\" data-brz-custom-id=\"pSvCAgJn2LTE\">\n<div class=\"brz-column__items brz-css-d-column-bg brz-css-7fxfaw\">\n<div id=\"\" class=\"brz-css-d-wrapper brz-css-pm3nx4 brz-wrapper\">\n<div class=\"brz-image brz-css-d-image-gqhzehwlznss-parent brz-css-rsum5q\" data-brz-custom-id=\"gqhZEhWlZNSs\"><a class=\"brz-a\" target=\"_self\" rel=\"noopener\" href=\"https:\/\/sabiatechnologies.com\/\" data-brz-link-type=\"external\"><img decoding=\"async\" class=\"brz-img\" src=\"https:\/\/sabiatechnologies.com\/wp-content\/uploads\/2026\/02\/ChatGPT-Image-Feb-6-2026-02_12_02-PM-cropped.png\" loading=\"lazy\" title=\"\"><\/a><\/div>\n<\/div>\n<\/div>\n<\/div>\n<\/div>\n<\/div>\n<div id=\"\" class=\"brz-css-d-wrapper brz-css-132buwy brz-wrapper\">\n<div class=\"brz-line brz-line-default brz-css-d-line brz-css-16iifgo\" data-brz-custom-id=\"sqYAk9Nj25ld\">\n<hr class=\"brz-hr\"><\/div>\n<\/div>\n<div id=\"\" class=\"brz-css-d-wrapper brz-css-1a02v6 brz-wrapper\">\n<div class=\"brz-rich-text brz-rich-text__custom brz-css-d-richtext brz-css-uzgeuh\" data-brz-custom-id=\"xlmxRRBuwNRP\">\n<div data-brz-translate-text=\"1\">\n<p class=\"brz-text-lg-center brz-lh-lg-1_7 brz-vfw-lg-400 brz-fwdth-lg-100 brz-fsft-lg-0 brz-tp-lg-empty brz-ff-rajdhani brz-ft-google brz-fs-lg-18 brz-fss-lg-px brz-fw-lg-500 brz-ls-lg-5 brz-css-pqwyp\" data-uniq-id=\"aSy8a\" data-generated-css=\"brz-css-bDYUI\"><span class=\"brz-cp-color8\">Copyright \u00a9 2026 | Reservados todos los derechos<\/span><\/p>\n<\/div>\n<\/div>\n<\/div>\n<\/div>\n<\/footer><\/div>\n<p><!-- version:1772560176 --><\/p>\n","protected":false},"excerpt":{"rendered":"<p>In\u00edcio Productos Nosotros Contacto In\u00edcio Productos Nosotros Contacto Sobre Sabia Fundada el 13 de diciembre de 2010, Sabia Technologies Corp. fue creada como una empresa impulsada por la tecnolog\u00eda, enfocada en el desarrollo de software y la consultor\u00eda de TI. Desde el inicio, nuestra misi\u00f3n ha sido pr\u00e1ctica y constante: crear soluciones que ayuden a&hellip; <a class=\"more-link\" href=\"https:\/\/sabiatechnologies.com\/?page_id=1249\">Continue reading <span class=\"screen-reader-text\">Nosotros<\/span><\/a><\/p>\n","protected":false},"author":1,"featured_media":0,"parent":0,"menu_order":0,"comment_status":"closed","ping_status":"closed","template":"brizy-blank-template.php","meta":{"footnotes":""},"class_list":["post-1249","page","type-page","status-publish","hentry","entry"],"brizy_media":[],"_links":{"self":[{"href":"https:\/\/sabiatechnologies.com\/index.php?rest_route=\/wp\/v2\/pages\/1249","targetHints":{"allow":["GET"]}}],"collection":[{"href":"https:\/\/sabiatechnologies.com\/index.php?rest_route=\/wp\/v2\/pages"}],"about":[{"href":"https:\/\/sabiatechnologies.com\/index.php?rest_route=\/wp\/v2\/types\/page"}],"author":[{"embeddable":true,"href":"https:\/\/sabiatechnologies.com\/index.php?rest_route=\/wp\/v2\/users\/1"}],"replies":[{"embeddable":true,"href":"https:\/\/sabiatechnologies.com\/index.php?rest_route=%2Fwp%2Fv2%2Fcomments&post=1249"}],"version-history":[{"count":5,"href":"https:\/\/sabiatechnologies.com\/index.php?rest_route=\/wp\/v2\/pages\/1249\/revisions"}],"predecessor-version":[{"id":1397,"href":"https:\/\/sabiatechnologies.com\/index.php?rest_route=\/wp\/v2\/pages\/1249\/revisions\/1397"}],"wp:attachment":[{"href":"https:\/\/sabiatechnologies.com\/index.php?rest_route=%2Fwp%2Fv2%2Fmedia&parent=1249"}],"curies":[{"name":"wp","href":"https:\/\/api.w.org\/{rel}","templated":true}]}}