{"id":1254,"date":"2026-03-03T14:35:34","date_gmt":"2026-03-03T14:35:34","guid":{"rendered":"https:\/\/sabiatechnologies.com\/?page_id=1254"},"modified":"2026-05-07T16:59:39","modified_gmt":"2026-05-07T16:59:39","slug":"contacto-2","status":"publish","type":"page","link":"https:\/\/sabiatechnologies.com\/?page_id=1254","title":{"rendered":"Contacto"},"content":{"rendered":"<div class=\"brz brz-root__container brz-reset-all brz-root__container-page\">\n<section id=\"eQj2xOtcmu99_eQj2xOtcmu99\" class=\"brz-section brz-section__header brz-section__header-type--static brz-css-d-sectionheader brz-css-le6wt8\">\n<div class=\"brz-section__menu-item brz-css-d-sectionheaderitem brz-css-1wl8yws\" data-brz-custom-id=\"iRixaB87UKCF\">\n<div class=\"brz-bg\">\n<div class=\"brz-bg-color\"><\/div>\n<\/div>\n<div class=\"brz-container brz-css-d-sectionheaderitem-container brz-css-ih10lu\">\n<div class=\"brz-row__container brz-css-d-row-row brz-css-3co9uy\" data-brz-custom-id=\"ih5G5VNlI1RV\">\n<div class=\"brz-row brz-css-d-row-container brz-css-14706vh\">\n<div class=\"brz-columns brz-css-d-column-column brz-css-awvtlt\" data-brz-custom-id=\"yQ8SaensSQ1_\">\n<div class=\"brz-column__items brz-css-d-column-bg brz-css-14bo00k\">\n<div id=\"\" class=\"brz-css-d-wrapper brz-css-11n8jq8 brz-wrapper\">\n<div class=\"brz-image brz-css-d-image-x3ab5clym4vo-parent brz-css-cikf7c\" data-brz-custom-id=\"x3aB5cLYm4vo\"><img decoding=\"async\" class=\"brz-img\" src=\"https:\/\/sabiatechnologies.com\/wp-content\/uploads\/2026\/02\/ChatGPT-Image-Feb-6-2026-02_12_02-PM-cropped.png\" loading=\"lazy\" title=\"\"><\/div>\n<\/div>\n<\/div>\n<\/div>\n<div class=\"brz-columns brz-css-d-column-column brz-css-wfjvsc\" data-brz-custom-id=\"tsPaqLr7zV_b\">\n<div class=\"brz-column__items brz-css-d-column-bg brz-css-1431xkw\">\n<div id=\"\" class=\"brz-css-d-wrapper brz-css-fipn1v brz-wrapper\">\n<div class=\"brz-menu__container brz-css-d-menu-menu-container brz-css-139y7bl\" data-mmenu-id=\"#eYk8U7p7inht_9e031d3040e816eeab3d\" data-mmenu-position=\"position-left\" data-mmenu-title=\"Main Menu\" data-mmenu-stickytitle=\"on\" data-mmenu-closingicon=\"%7B%22desktop%22%3A%22off%22%2C%22tablet%22%3A%22off%22%2C%22mobile%22%3A%22off%22%7D\" data-brz-menu-accessible=\"true\" data-brz-custom-id=\"eYk8U7p7inht\">\n<nav data-mods=\"%7B%22desktop%22%3A%22horizontal%22%2C%22tablet%22%3A%22horizontal%22%2C%22mobile%22%3A%22horizontal%22%7D\" class=\"brz-menu brz-menu__preview brz-css-d-menu-menu brz-css-1ulmdou\">\n<ul class=\"brz-menu__ul\" data-menu-items-active=\"\">\n<li data-menu-item-id=\"d372352d4602f2f9620634434078dee1\" class=\"brz-menu__item menu-item menu-item-type-post_type menu-item-object-page\"><a class=\"brz-a\" target=\"\" href=\"https:\/\/sabiatechnologies.com\/?page_id=1239\" title=\"\"><span class=\"brz-span\">In\u00edcio<\/span><\/a><\/li>\n<li data-menu-item-id=\"0d17b2bd987d5b6a528256f0f61dfcc2\" class=\"brz-menu__item menu-item menu-item-type-post_type menu-item-object-page\"><a class=\"brz-a\" target=\"\" href=\"https:\/\/sabiatechnologies.com\/?page_id=1244\" title=\"\"><span class=\"brz-span\">Productos<\/span><\/a><\/li>\n<li data-menu-item-id=\"dbdb4d1bace1d1234f30ce3bbd763d70\" class=\"brz-menu__item menu-item menu-item-type-post_type menu-item-object-page\"><a class=\"brz-a\" target=\"\" href=\"https:\/\/sabiatechnologies.com\/?page_id=1249\" title=\"\"><span class=\"brz-span\">Nosotros<\/span><\/a><\/li>\n<li data-menu-item-id=\"0e5df2310dd6f879373fe27db32754d2\" class=\"brz-menu__item menu-item menu-item-type-post_type menu-item-object-page\"><a class=\"brz-a\" target=\"\" href=\"https:\/\/sabiatechnologies.com\/?page_id=1254\" title=\"\"><span class=\"brz-span\">Contacto<\/span><\/a><\/li>\n<\/ul>\n<\/nav>\n<div class=\"brz-mm-menu__icon\" data-brz-brz-mmenu-icon=\"off\"><\/div>\n<nav data-mods=\"%7B%22desktop%22%3A%22horizontal%22%2C%22tablet%22%3A%22horizontal%22%2C%22mobile%22%3A%22horizontal%22%7D\" id=\"eYk8U7p7inht_9e031d3040e816eeab3d\" class=\"brz-menu brz-menu__preview brz-menu__mmenu brz-css-d-menu-mmenu brz-css-19lw6hc\">\n<ul class=\"brz-menu__ul\" data-menu-items-active=\"\">\n<li data-menu-item-id=\"d372352d4602f2f9620634434078dee1\" class=\"brz-menu__item menu-item menu-item-type-post_type menu-item-object-page\"><a class=\"brz-a\" target=\"\" href=\"https:\/\/sabiatechnologies.com\/?page_id=1239\" title=\"\"><span class=\"brz-span\">In\u00edcio<\/span><\/a><\/li>\n<li data-menu-item-id=\"0d17b2bd987d5b6a528256f0f61dfcc2\" class=\"brz-menu__item menu-item menu-item-type-post_type menu-item-object-page\"><a class=\"brz-a\" target=\"\" href=\"https:\/\/sabiatechnologies.com\/?page_id=1244\" title=\"\"><span class=\"brz-span\">Productos<\/span><\/a><\/li>\n<li data-menu-item-id=\"dbdb4d1bace1d1234f30ce3bbd763d70\" class=\"brz-menu__item menu-item menu-item-type-post_type menu-item-object-page\"><a class=\"brz-a\" target=\"\" href=\"https:\/\/sabiatechnologies.com\/?page_id=1249\" title=\"\"><span class=\"brz-span\">Nosotros<\/span><\/a><\/li>\n<li data-menu-item-id=\"0e5df2310dd6f879373fe27db32754d2\" class=\"brz-menu__item menu-item menu-item-type-post_type menu-item-object-page\"><a class=\"brz-a\" target=\"\" href=\"https:\/\/sabiatechnologies.com\/?page_id=1254\" title=\"\"><span class=\"brz-span\">Contacto<\/span><\/a><\/li>\n<\/ul>\n<\/nav>\n<\/div>\n<\/div>\n<\/div>\n<\/div>\n<\/div>\n<\/div>\n<\/div>\n<\/div>\n<\/section>\n<section id=\"gEikEdZ0UjKq_gEikEdZ0UjKq\" class=\"brz-section brz-css-d-section brz-css-1i4exs1\">\n<div class=\"brz-section__content brz-section--fullWidth brz-css-d-sectionitem-bg brz-css-ywkhw7\" data-brz-custom-id=\"w4h0vzD255xp\">\n<div class=\"brz-bg\">\n<div class=\"brz-bg-color\"><\/div>\n<div class=\"brz-bg-shape brz-bg-shape__top\"><\/div>\n<\/div>\n<div class=\"brz-container brz-css-d-sectionitem-container brz-css-oxg6jn\">\n<div class=\"brz-row__container brz-css-d-row-row brz-css-1dwpmtw\" data-brz-custom-id=\"zK7rX8LNK0gJ\">\n<div class=\"brz-row brz-css-d-row-container brz-css-r-row-container brz-css-5g6okc\">\n<div class=\"brz-columns brz-css-d-column-column brz-css-ia2l8g\" data-brz-custom-id=\"uI_jMWeOZFJv\">\n<div class=\"brz-bg\">\n<div class=\"brz-bg-map\"><\/div>\n<\/div>\n<div class=\"brz-column__items brz-css-d-column-bg brz-css-18l06ye\">\n<div id=\"\" class=\"brz-css-d-wrapper brz-css-qp2sfm brz-wrapper\">\n<div class=\"brz-map brz-map_styles brz-css-d-map brz-css-1kw8slh\" data-brz-custom-id=\"fZ3mDCMge4_K\">\n<div class=\"brz-ui-ed-map-content\"><\/div>\n<\/div>\n<\/div>\n<\/div>\n<\/div>\n<div class=\"brz-columns brz-css-d-column-column brz-css-1gnayj1\" data-brz-custom-id=\"ju0cHp0A7xYJ\">\n<div class=\"brz-column__items brz-css-d-column-bg brz-css-14obe6r\">\n<div id=\"\" class=\"brz-css-d-wrapper brz-css-xp6dew brz-wrapper\">\n<div class=\"brz-rich-text brz-rich-text__custom brz-css-d-richtext brz-css-181927b\" data-brz-custom-id=\"a3CmRQcavX4v\">\n<div data-brz-translate-text=\"1\">\n<h2 class=\"brz-tp-lg-heading2 brz-css-j0oPa\" data-generated-css=\"brz-css-iQHUK\" data-uniq-id=\"jUlMg\"><span class=\"brz-cp-color2\">Oficina principal<\/span><\/h2>\n<\/div>\n<\/div>\n<\/div>\n<div id=\"\" class=\"brz-css-d-wrapper brz-css-r-wrapper brz-css-l27nrn brz-wrapper\">\n<div class=\"brz-spacer brz-css-d-spacer brz-css-1bulz2j\"><\/div>\n<\/div>\n<div class=\"brz-row__container brz-css-d-row-row brz-css-1ora4mp\" data-brz-custom-id=\"jPRLXGeF98T9\">\n<div class=\"brz-row brz-row--inner brz-css-d-row-container brz-css-r-row-container brz-css-1rcq3il\">\n<div class=\"brz-columns brz-css-d-column-column brz-css-9ensas\" data-brz-custom-id=\"awq7C1TXmUPf\">\n<div class=\"brz-column__items brz-css-d-column-bg brz-css-12i8nqq\">\n<div id=\"\" class=\"brz-css-d-wrapper brz-css-in2qg9 brz-wrapper\">\n<div class=\"brz-rich-text brz-rich-text__custom brz-css-d-richtext brz-css-ui7fde\" data-brz-custom-id=\"taLiplOQcx_J\">\n<div data-brz-translate-text=\"1\">\n<h5 class=\"brz-tp-lg-heading5 brz-css-i3NPF\" data-uniq-id=\"vPy6S\" data-generated-css=\"brz-css-dzLLO\"><span class=\"brz-cp-color2\">Fort Lauderdale<\/span><\/h5>\n<\/div>\n<\/div>\n<\/div>\n<div id=\"\" class=\"brz-css-d-wrapper brz-css-1b91ef6 brz-wrapper\">\n<div class=\"brz-rich-text brz-rich-text__custom brz-css-d-richtext brz-css-1itk4zi\" data-brz-custom-id=\"k2xIv3ZghlgA\">\n<div data-brz-translate-text=\"1\">\n<p class=\"brz-tp-lg-paragraph brz-css-vh80N\" data-uniq-id=\"oegmz\" data-generated-css=\"brz-css-aMt4H\"><span class=\"brz-cp-color7\">5100 NW 33rd Ave <\/span><span class=\"brz-cp-color7\">#247<\/span><\/p>\n<\/div>\n<\/div>\n<\/div>\n<div id=\"\" class=\"brz-css-d-wrapper brz-css-1x2sepy brz-wrapper\">\n<div class=\"brz-rich-text brz-rich-text__custom brz-css-d-richtext brz-css-1dn9c61\" data-brz-custom-id=\"tK52AMYKNTg3\">\n<div data-brz-translate-text=\"1\">\n<p class=\"brz-tp-lg-paragraph brz-css-shVU5\" data-generated-css=\"brz-css-dopt4\" data-uniq-id=\"dNAds\"><span class=\"brz-cp-color7\">Florida, Estados Unidos de Am\u00e9rica<\/span><\/p>\n<\/div>\n<\/div>\n<\/div>\n<div id=\"\" class=\"brz-css-d-wrapper brz-css-2afgqb brz-wrapper\">\n<div class=\"brz-rich-text brz-rich-text__custom brz-css-d-richtext brz-css-bbrhxm\" data-brz-custom-id=\"hRXU_utDxY1O\">\n<div data-brz-translate-text=\"1\">\n<p class=\"brz-tp-lg-paragraph brz-css-xDXqW\" data-uniq-id=\"pGXCW\" data-generated-css=\"brz-css-qJYfK\"><span class=\"brz-cp-color7\">33309<\/span><\/p>\n<p class=\"brz-tp-lg-paragraph brz-css-nHQUO\" data-uniq-id=\"oduBM\" data-generated-css=\"brz-css-bwNz5\"><span class=\"brz-cp-color7\"> <\/span><\/p>\n<p class=\"brz-tp-lg-paragraph brz-css-bXiMY\" data-uniq-id=\"jVa2o\" data-generated-css=\"brz-css-nxWMa\"><span class=\"brz-cp-color7\"> +1 (561) 324-9954<\/span><\/p>\n<p class=\"brz-tp-lg-paragraph brz-css-xISmY\" data-uniq-id=\"j5X3P\" data-generated-css=\"brz-css-gR8FE\"><span class=\"brz-cp-color7\">info@sabiatechnologies.com<\/span><\/p>\n<\/div>\n<\/div>\n<\/div>\n<\/div>\n<\/div>\n<\/div>\n<\/div>\n<\/div>\n<\/div>\n<\/div>\n<\/div>\n<\/div>\n<\/div>\n<\/section>\n<footer id=\"cI9LE7bZlHGx_cI9LE7bZlHGx\" class=\"brz-footer brz-css-d-sectionfooter-section brz-css-ns2j2z\" data-brz-custom-id=\"cI9LE7bZlHGx\">\n<div class=\"brz-bg\">\n<div class=\"brz-bg-color\"><\/div>\n<div class=\"brz-bg-shape brz-bg-shape__top\"><\/div>\n<\/div>\n<div class=\"brz-container brz-css-d-sectionfooter-container brz-css-b5gqbj\">\n<div class=\"brz-row__container brz-css-d-row-row brz-css-1wvl2dt\" data-brz-custom-id=\"hykcGBkPkL7m\">\n<div class=\"brz-row brz-css-d-row-container brz-css-r-row-container brz-css-1d9myww\">\n<div class=\"brz-columns brz-css-d-column-column brz-css-5odu4d\" data-brz-custom-id=\"uqDawYpQueja\">\n<div class=\"brz-column__items brz-css-d-column-bg brz-css-10fok0t\">\n<div id=\"\" class=\"brz-css-d-wrapper brz-css-wain2e brz-wrapper\">\n<div class=\"brz-image brz-css-d-image-ppltanbvntro-parent brz-css-d9g37h\" data-brz-custom-id=\"ppLTANBvntro\"><a class=\"brz-a\" target=\"_self\" rel=\"noopener\" href=\"https:\/\/sabiatechnologies.com\/\" data-brz-link-type=\"external\"><img decoding=\"async\" class=\"brz-img\" src=\"https:\/\/sabiatechnologies.com\/wp-content\/uploads\/2026\/02\/ChatGPT-Image-Feb-6-2026-02_12_02-PM-cropped.png\" loading=\"lazy\" title=\"\"><\/a><\/div>\n<\/div>\n<\/div>\n<\/div>\n<\/div>\n<\/div>\n<div id=\"\" class=\"brz-css-d-wrapper brz-css-1iz3okt brz-wrapper\">\n<div class=\"brz-line brz-line-default brz-css-d-line brz-css-1kd4sow\" data-brz-custom-id=\"n7L_dF0yzurI\">\n<hr class=\"brz-hr\"><\/div>\n<\/div>\n<div id=\"\" class=\"brz-css-d-wrapper brz-css-6euxu9 brz-wrapper\">\n<div class=\"brz-rich-text brz-rich-text__custom brz-css-d-richtext brz-css-is26aq\" data-brz-custom-id=\"oBPrtqZ2Hk2T\">\n<div data-brz-translate-text=\"1\">\n<p class=\"brz-text-lg-center brz-lh-lg-1_7 brz-vfw-lg-400 brz-fwdth-lg-100 brz-fsft-lg-0 brz-tp-lg-empty brz-ff-rajdhani brz-ft-google brz-fs-lg-18 brz-fss-lg-px brz-fw-lg-500 brz-ls-lg-5 brz-css-wJieq\" data-uniq-id=\"hnBSs\" data-generated-css=\"brz-css-nAze0\"><span class=\"brz-cp-color8\">Copyright \u00a9 2026 | Reservados todos los derechos<\/span><\/p>\n<\/div>\n<\/div>\n<\/div>\n<\/div>\n<\/footer><\/div>\n<p><!-- version:1772560359 --><\/p>\n","protected":false},"excerpt":{"rendered":"<p>In\u00edcio Productos Nosotros Contacto In\u00edcio Productos Nosotros Contacto Oficina principal Fort Lauderdale 5100 NW 33rd Ave #247 Florida, Estados Unidos de Am\u00e9rica 33309 +1 (561) 324-9954 info@sabiatechnologies.com Copyright \u00a9 2026 | Reservados todos los derechos<\/p>\n","protected":false},"author":1,"featured_media":0,"parent":0,"menu_order":0,"comment_status":"closed","ping_status":"closed","template":"brizy-blank-template.php","meta":{"footnotes":""},"class_list":["post-1254","page","type-page","status-publish","hentry","entry"],"brizy_media":[],"_links":{"self":[{"href":"https:\/\/sabiatechnologies.com\/index.php?rest_route=\/wp\/v2\/pages\/1254","targetHints":{"allow":["GET"]}}],"collection":[{"href":"https:\/\/sabiatechnologies.com\/index.php?rest_route=\/wp\/v2\/pages"}],"about":[{"href":"https:\/\/sabiatechnologies.com\/index.php?rest_route=\/wp\/v2\/types\/page"}],"author":[{"embeddable":true,"href":"https:\/\/sabiatechnologies.com\/index.php?rest_route=\/wp\/v2\/users\/1"}],"replies":[{"embeddable":true,"href":"https:\/\/sabiatechnologies.com\/index.php?rest_route=%2Fwp%2Fv2%2Fcomments&post=1254"}],"version-history":[{"count":5,"href":"https:\/\/sabiatechnologies.com\/index.php?rest_route=\/wp\/v2\/pages\/1254\/revisions"}],"predecessor-version":[{"id":1401,"href":"https:\/\/sabiatechnologies.com\/index.php?rest_route=\/wp\/v2\/pages\/1254\/revisions\/1401"}],"wp:attachment":[{"href":"https:\/\/sabiatechnologies.com\/index.php?rest_route=%2Fwp%2Fv2%2Fmedia&parent=1254"}],"curies":[{"name":"wp","href":"https:\/\/api.w.org\/{rel}","templated":true}]}}